{"id":41,"date":"2012-10-15T19:18:27","date_gmt":"2012-10-15T17:18:27","guid":{"rendered":"http:\/\/mail2.bulls.se:8070\/?page_id=41"},"modified":"2012-10-15T19:18:27","modified_gmt":"2012-10-15T17:18:27","slug":"stadgar","status":"publish","type":"page","link":"http:\/\/ns2.serieguide.se\/en\/historik\/stadgar","title":{"rendered":"Stadgar"},"content":{"rendered":"<h3>Ur stadgarna fr\u00e5n 1965:<\/h3>\n<p>Svenska Serieakademin skall genom sin verksamhet stimulera och st\u00f6dja h\u00f6gklassig produktion av tecknade serier samt fr\u00e4mja serieformens anv\u00e4ndning och utveckling inom konst, undervisning och information.<br \/>\nSvenska Serieakademin skall uppmuntra speciellt goda insatser p\u00e5 serieomr\u00e5det genom att presentera \u00e5rliga bel\u00f6ningar i form av Adamsonstatyetter.<br \/>\nSvenska Serieakademin skall ha aktiv kontakt med systerorganisationer i andra l\u00e4nder f\u00f6r utbyte av kunskap och erfarenheter.<\/p>\n","protected":false},"excerpt":{"rendered":"<p>Ur stadgarna fr\u00e5n 1965: Svenska Serieakademin skall genom sin verksamhet stimulera och st\u00f6dja h\u00f6gklassig produktion av tecknade serier samt fr\u00e4mja serieformens anv\u00e4ndning och utveckling inom konst, undervisning och information. Svenska Serieakademin skall uppmuntra speciellt goda insatser p\u00e5 serieomr\u00e5det genom att<span class=\"ellipsis\">&hellip;<\/span><\/p>\n<div class=\"read-more\"><a href=\"http:\/\/ns2.serieguide.se\/en\/historik\/stadgar\">Read more &#8250;<\/a><\/div>\n<p><!-- end of .read-more --><\/p>\n","protected":false},"author":1,"featured_media":0,"parent":5,"menu_order":0,"comment_status":"closed","ping_status":"open","template":"","meta":{"footnotes":""},"class_list":["post-41","page","type-page","status-publish","hentry"],"yoast_head":"<!-- This site is optimized with the Yoast SEO plugin v26.6 - https:\/\/yoast.com\/wordpress\/plugins\/seo\/ -->\n<title>Stadgar - Svenska Serieakademin<\/title>\n<meta name=\"robots\" content=\"index, follow, max-snippet:-1, max-image-preview:large, max-video-preview:-1\" \/>\n<link rel=\"canonical\" href=\"http:\/\/svenskaserieakademin.se\/en\/historik\/stadgar\" \/>\n<script type=\"application\/ld+json\" class=\"yoast-schema-graph\">{\"@context\":\"https:\/\/schema.org\",\"@graph\":[{\"@type\":\"WebPage\",\"@id\":\"http:\/\/svenskaserieakademin.se\/en\/historik\/stadgar\",\"url\":\"http:\/\/svenskaserieakademin.se\/en\/historik\/stadgar\",\"name\":\"Stadgar - Svenska Serieakademin\",\"isPartOf\":{\"@id\":\"http:\/\/193-44-159-78.customer.telia.com\/en\/#website\"},\"datePublished\":\"2012-10-15T17:18:27+00:00\",\"breadcrumb\":{\"@id\":\"http:\/\/svenskaserieakademin.se\/en\/historik\/stadgar#breadcrumb\"},\"inLanguage\":\"en-US\",\"potentialAction\":[{\"@type\":\"ReadAction\",\"target\":[\"http:\/\/svenskaserieakademin.se\/en\/historik\/stadgar\"]}]},{\"@type\":\"BreadcrumbList\",\"@id\":\"http:\/\/svenskaserieakademin.se\/en\/historik\/stadgar#breadcrumb\",\"itemListElement\":[{\"@type\":\"ListItem\",\"position\":1,\"name\":\"Hem\",\"item\":\"http:\/\/193-44-159-78.customer.telia.com\/en\/\"},{\"@type\":\"ListItem\",\"position\":2,\"name\":\"Svenska Serieakademin\",\"item\":\"http:\/\/svenskaserieakademin.se\/en\/historik\"},{\"@type\":\"ListItem\",\"position\":3,\"name\":\"Stadgar\"}]},{\"@type\":\"WebSite\",\"@id\":\"http:\/\/193-44-159-78.customer.telia.com\/en\/#website\",\"url\":\"http:\/\/193-44-159-78.customer.telia.com\/en\/\",\"name\":\"Svenska Serieakademin\",\"description\":\"Sk\u00e4mt och allvar\",\"potentialAction\":[{\"@type\":\"SearchAction\",\"target\":{\"@type\":\"EntryPoint\",\"urlTemplate\":\"http:\/\/193-44-159-78.customer.telia.com\/en\/?s={search_term_string}\"},\"query-input\":{\"@type\":\"PropertyValueSpecification\",\"valueRequired\":true,\"valueName\":\"search_term_string\"}}],\"inLanguage\":\"en-US\"}]}<\/script>\n<!-- \/ Yoast SEO plugin. -->","yoast_head_json":{"title":"Stadgar - Svenska Serieakademin","robots":{"index":"index","follow":"follow","max-snippet":"max-snippet:-1","max-image-preview":"max-image-preview:large","max-video-preview":"max-video-preview:-1"},"canonical":"http:\/\/svenskaserieakademin.se\/en\/historik\/stadgar","schema":{"@context":"https:\/\/schema.org","@graph":[{"@type":"WebPage","@id":"http:\/\/svenskaserieakademin.se\/en\/historik\/stadgar","url":"http:\/\/svenskaserieakademin.se\/en\/historik\/stadgar","name":"Stadgar - Svenska Serieakademin","isPartOf":{"@id":"http:\/\/193-44-159-78.customer.telia.com\/en\/#website"},"datePublished":"2012-10-15T17:18:27+00:00","breadcrumb":{"@id":"http:\/\/svenskaserieakademin.se\/en\/historik\/stadgar#breadcrumb"},"inLanguage":"en-US","potentialAction":[{"@type":"ReadAction","target":["http:\/\/svenskaserieakademin.se\/en\/historik\/stadgar"]}]},{"@type":"BreadcrumbList","@id":"http:\/\/svenskaserieakademin.se\/en\/historik\/stadgar#breadcrumb","itemListElement":[{"@type":"ListItem","position":1,"name":"Hem","item":"http:\/\/193-44-159-78.customer.telia.com\/en\/"},{"@type":"ListItem","position":2,"name":"Svenska Serieakademin","item":"http:\/\/svenskaserieakademin.se\/en\/historik"},{"@type":"ListItem","position":3,"name":"Stadgar"}]},{"@type":"WebSite","@id":"http:\/\/193-44-159-78.customer.telia.com\/en\/#website","url":"http:\/\/193-44-159-78.customer.telia.com\/en\/","name":"Svenska Serieakademin","description":"Sk\u00e4mt och allvar","potentialAction":[{"@type":"SearchAction","target":{"@type":"EntryPoint","urlTemplate":"http:\/\/193-44-159-78.customer.telia.com\/en\/?s={search_term_string}"},"query-input":{"@type":"PropertyValueSpecification","valueRequired":true,"valueName":"search_term_string"}}],"inLanguage":"en-US"}]}},"_links":{"self":[{"href":"http:\/\/ns2.serieguide.se\/en\/wp-json\/wp\/v2\/pages\/41","targetHints":{"allow":["GET"]}}],"collection":[{"href":"http:\/\/ns2.serieguide.se\/en\/wp-json\/wp\/v2\/pages"}],"about":[{"href":"http:\/\/ns2.serieguide.se\/en\/wp-json\/wp\/v2\/types\/page"}],"author":[{"embeddable":true,"href":"http:\/\/ns2.serieguide.se\/en\/wp-json\/wp\/v2\/users\/1"}],"replies":[{"embeddable":true,"href":"http:\/\/ns2.serieguide.se\/en\/wp-json\/wp\/v2\/comments?post=41"}],"version-history":[{"count":0,"href":"http:\/\/ns2.serieguide.se\/en\/wp-json\/wp\/v2\/pages\/41\/revisions"}],"up":[{"embeddable":true,"href":"http:\/\/ns2.serieguide.se\/en\/wp-json\/wp\/v2\/pages\/5"}],"wp:attachment":[{"href":"http:\/\/ns2.serieguide.se\/en\/wp-json\/wp\/v2\/media?parent=41"}],"curies":[{"name":"wp","href":"https:\/\/api.w.org\/{rel}","templated":true}]}}